{"id":380,"date":"2018-11-27T01:07:00","date_gmt":"2018-11-26T23:07:00","guid":{"rendered":"http:\/\/bitcoinvealtcoin.com\/tr\/blog\/?page_id=380"},"modified":"2018-11-27T01:08:53","modified_gmt":"2018-11-26T23:08:53","slug":"sorumluluk_reddi","status":"publish","type":"page","link":"https:\/\/bitcoinvealtcoin.com\/tr\/blog\/sorumluluk_reddi\/","title":{"rendered":"Sorumluluk Reddi Beyani"},"content":{"rendered":"<p>&nbsp;<\/p>\n<ol>\n<li>Veriler ilgili kurumlar taraf\u0131ndan sa\u011flanmaktad\u0131r. BitcoinVeAltcoin.com herhangi bir verinin do\u011frulu\u011funu kontrol etmez ve bu konudaki her t\u00fcrl\u00fc y\u00fck\u00fcml\u00fcl\u00fc\u011f\u00fc reddeder.<\/li>\n<li>BitcoinVeAltcoin.com, veri veya i\u00e7erik sa\u011flay\u0131c\u0131lar\u0131, finans borsalar\u0131 ve her birinin sat\u0131\u015f ortaklar\u0131 ile i\u015f ortaklar\u0131, her t\u00fcrl\u00fc verinin do\u011frulu\u011funu, yeterlili\u011fini veya eksiksizli\u011fini a\u00e7\u0131k\u00e7a reddeder ve bu t\u00fcr verilerdeki hatalardan, eksikliklerden veya di\u011fer kusurlardan, gecikmelerden ya da kesintilerden veya bu verilere itimat edilerek yap\u0131lan i\u015flemlerden sorumlu olmaz. BitcoinVeAltcoin.com veya icerik, veri sa\u011flay\u0131c\u0131lar\u0131m\u0131z, burada sunulan verileri kullanman\u0131z nedeniyle olu\u015fabilecek herhangi bir zarardan sorumlu de\u011fildir.<\/li>\n<li>Burada bulunan hi\u00e7bir veri veya bilgi ile ilgili olarak \u00f6nceden yaz\u0131l\u0131 izin almadan kopyalama, de\u011fi\u015ftirme, yeniden bi\u00e7imlendirme, indirme, depolama, yeniden olu\u015fturma, yeniden i\u015fleme, iletme veya yeniden da\u011f\u0131tma i\u015flemi yapmayaca\u011f\u0131n\u0131z\u0131 ve bu veri veya bilgileri ticari bir kurumda kullanmayaca\u011f\u0131n\u0131z\u0131 kabul edersiniz. T\u00fcm veriler ve bilgiler ki\u015fisel bilgilendirme amac\u0131yla &#8220;oldu\u011fu gibi&#8221; sa\u011flanm\u0131\u015ft\u0131r ve al\u0131m sat\u0131m amac\u0131na veya tavsiye sunmaya y\u00f6nelik de\u011fildir. L\u00fctfen her t\u00fcrl\u00fc al\u0131m sat\u0131m i\u015fleminden \u00f6nce fiyatlar\u0131 do\u011frulamak i\u00e7in acentenize veya mali temsilcinize dan\u0131\u015f\u0131n.<\/li>\n<li>Hem BitcoinVeAltcoin.com, hem de \u00fc\u00e7\u00fcnc\u00fc taraf veri veya i\u00e7erik sa\u011flay\u0131c\u0131lar\u0131, sunulan verilerin ve bilgilerin m\u00fcnhas\u0131r m\u00fclkiyet haklar\u0131na sahiptir.<\/li>\n<li>BitcoinVeAltcoin.com&#8217;de sunulan reklamlar\u0131n sorumlulu\u011fu t\u00fcm\u00fcyle reklam\u0131n kayna\u011f\u0131 olan tarafa aittir. Ne BitcoinVeAltcoin.com, ne de verilerin lisans sahiplerinden herhangi biri, hi\u00e7bir reklam\u0131 ya da reklamlarda teklif edilen \u00fcr\u00fcn veya hizmetleri onaylamaz ya da bu konuda sorumluluk \u00fcstlenmez.<\/li>\n<li>BitcoinVeAltcoin.com sitesi, sayfalar\u0131ndan farkl\u0131 internet adreslerine ba\u011flant\u0131 vermektedir. BitcoinVeAltcoin.com link verdi\u011fi, banner tan\u0131t\u0131m\u0131n\u0131 yapt\u0131\u011f\u0131 sitelerin i\u00e7eriklerinden veya gizlilik prensiplerinden sorumlu de\u011fildir. Burada bahsedilen ba\u011flant\u0131 verme i\u015flemi, hukuki olarak \u201cat\u0131fta bulunma\u201d olarak de\u011ferlendirilmektedir.<\/li>\n<li>Web sitesindeki bilgiler herhangi bir spesifik bir konu \u00fczerine tavsiye olarak sunulmamaktad\u0131r ve uzman g\u00f6r\u00fc\u015f\u00fcn\u00fcn ve\/veya ki\u015finin kendi durum tespitinin yerini tutaca\u011f\u0131 d\u00fc\u015f\u00fcn\u00fclmemelidir. Web sitesindeki bilgiler profesyonel, finansal ya da yat\u0131r\u0131ma ili\u015fkin tavsiye niteli\u011finde olmay\u0131p, yat\u0131r\u0131m kararlar\u0131 i\u00e7in temel al\u0131nmamal\u0131 ve do\u011frudan veya dolayl\u0131, hi\u00e7bir surette, finansal bir arac\u0131 pazarlama veya satma ya da bu \u00fcr\u00fcn veya hizmetlerin sat\u0131\u015f\u0131na arac\u0131l\u0131k etme te\u015febb\u00fcs\u00fc olarak alg\u0131lanmamal\u0131d\u0131r. Spesifik konu veya durum ile ilgili daima uygun niteliklere sahip bir profesyonelden tavsiye al\u0131nmal\u0131d\u0131r. Bu web sitesi bir finansal promosyon ortami de\u011fildir. Tatmin edici kalite, belirli bir amaca uygunluk, ihlal etmeme, uyumluluk, g\u00fcvenlik ve do\u011frulu\u011fa ili\u015fkin z\u0131mni garantiler dahil ancak bunlarla s\u0131n\u0131rl\u0131 olmamak kayd\u0131yla, t\u00fcm z\u0131mni garantiler kanunun elverdi\u011fi \u00f6l\u00e7\u00fcde bu h\u00fck\u00fcmlerin kapsam\u0131 d\u0131\u015f\u0131nda tutulur. Ayr\u0131ca, BitcoinVeAltcoin.com, Web Sitesinin kesintisiz i\u015fleyece\u011fi veya hatas\u0131z olaca\u011f\u0131 veya herhangi bir kusurun d\u00fczeltilece\u011fi hususunda garanti vermez. BitcoinVeAltcoin.com do\u011frudan veya dolayl\u0131 olarak a\u015fa\u011f\u0131da s\u0131ralananlardan m\u00fctevellit \u015fikayet veya kay\u0131plar hususunda herhangi bir ki\u015fiye kar\u015f\u0131 her t\u00fcrl\u00fc sorumlulu\u011fu, sebebinin s\u00f6zle\u015fme, haks\u0131z muamele (veya hile) veya di\u011fer t\u00fcrl\u00fc (ihmalkarl\u0131k veya unutma dahil ancak bunlarla s\u0131n\u0131rl\u0131 olmamak \u00fczere) olmas\u0131 fark etmeksizin ilgili yasan\u0131n izin verdi\u011fi \u00f6l\u00e7\u00fcde a\u00e7\u0131k\u00e7a reddeder.<\/li>\n<\/ol>\n<p>\u0130leti\u015fim<br \/>\nBitcoinVeAltcoin.com sitesinde uygulanan gizlilik politikas\u0131 ile ilgili; her t\u00fcrl\u00fc soru, g\u00f6r\u00fc\u015f ve d\u00fc\u015f\u00fcncelerinizi bize iletisim[at]BitcoinVeAltcoin.com adresinden iletebilirsiniz.<\/p>\n<p>BitcoinVeAltcoin.com Yonetimi<\/p>\n","protected":false},"excerpt":{"rendered":"<p>&nbsp; Veriler ilgili kurumlar taraf\u0131ndan sa\u011flanmaktad\u0131r. BitcoinVeAltcoin.com herhangi bir verinin do\u011frulu\u011funu kontrol etmez ve bu konudaki her t\u00fcrl\u00fc y\u00fck\u00fcml\u00fcl\u00fc\u011f\u00fc reddeder. BitcoinVeAltcoin.com, veri veya i\u00e7erik sa\u011flay\u0131c\u0131lar\u0131, finans borsalar\u0131 ve her birinin sat\u0131\u015f ortaklar\u0131 ile i\u015f ortaklar\u0131, her t\u00fcrl\u00fc verinin do\u011frulu\u011funu, yeterlili\u011fini veya eksiksizli\u011fini a\u00e7\u0131k\u00e7a reddeder ve bu t\u00fcr verilerdeki hatalardan, eksikliklerden veya di\u011fer kusurlardan, gecikmelerden ya &hellip; <\/p>\n<p class=\"link-more\"><a href=\"https:\/\/bitcoinvealtcoin.com\/tr\/blog\/sorumluluk_reddi\/\" class=\"more-link\">Okumaya devam et<span class=\"screen-reader-text\"> &#8220;Sorumluluk Reddi Beyani&#8221;<\/span><\/a><\/p>\n","protected":false},"author":1,"featured_media":0,"parent":0,"menu_order":0,"comment_status":"closed","ping_status":"closed","template":"","meta":[],"_links":{"self":[{"href":"https:\/\/bitcoinvealtcoin.com\/tr\/blog\/wp-json\/wp\/v2\/pages\/380"}],"collection":[{"href":"https:\/\/bitcoinvealtcoin.com\/tr\/blog\/wp-json\/wp\/v2\/pages"}],"about":[{"href":"https:\/\/bitcoinvealtcoin.com\/tr\/blog\/wp-json\/wp\/v2\/types\/page"}],"author":[{"embeddable":true,"href":"https:\/\/bitcoinvealtcoin.com\/tr\/blog\/wp-json\/wp\/v2\/users\/1"}],"replies":[{"embeddable":true,"href":"https:\/\/bitcoinvealtcoin.com\/tr\/blog\/wp-json\/wp\/v2\/comments?post=380"}],"version-history":[{"count":2,"href":"https:\/\/bitcoinvealtcoin.com\/tr\/blog\/wp-json\/wp\/v2\/pages\/380\/revisions"}],"predecessor-version":[{"id":382,"href":"https:\/\/bitcoinvealtcoin.com\/tr\/blog\/wp-json\/wp\/v2\/pages\/380\/revisions\/382"}],"wp:attachment":[{"href":"https:\/\/bitcoinvealtcoin.com\/tr\/blog\/wp-json\/wp\/v2\/media?parent=380"}],"curies":[{"name":"wp","href":"https:\/\/api.w.org\/{rel}","templated":true}]}}