{"id":3,"date":"2018-11-12T20:15:00","date_gmt":"2018-11-12T18:15:00","guid":{"rendered":"http:\/\/bitcoinvealtcoin.com\/tr\/blog\/?page_id=3"},"modified":"2020-07-02T06:14:43","modified_gmt":"2020-07-02T03:14:43","slug":"gizlilik-politikasi","status":"publish","type":"page","link":"https:\/\/bitcoinvealtcoin.com\/tr\/blog\/gizlilik-politikasi\/","title":{"rendered":"Gizlilik Sozlesmesi"},"content":{"rendered":"<h3>Sanayi bakanl\u0131\u011f\u0131 kamuyu ayd\u0131nlatma y\u00fck\u00fcml\u00fcl\u00fc\u011f\u00fc geregince&#8230;<\/h3>\n<p><strong>Gizlilik politikamiz<\/strong><\/p>\n<ol>\n<li>BitcoinVeAltcoin.com sitesi olarak ki\u015fisel gizlilik haklar\u0131n\u0131za sayg\u0131 duyuyor ve sitemizde ge\u00e7irdi\u011finiz s\u00fcre zarf\u0131nda bunu sa\u011flamak i\u00e7in \u00e7aba sarfediyoruz. Ki\u015fisel bilgilerinizin g\u00fcvenli\u011fi ile ilgili a\u00e7\u0131klamalar a\u015fa\u011f\u0131da a\u00e7\u0131klanm\u0131\u015f ve bilginize sunulmu\u015ftur.<\/li>\n<li>Kay\u0131t Dosyalar\u0131<br \/>\nBir\u00e7ok standard web sunucusunda oldu\u011fu gibi BitcoinVeAltcoin.com&#8217;da da log dosyalar\u0131 kayd\u0131 tutulmaktad\u0131r. Bu dosyalar; ip adresiniz, internet servis sa\u011flay\u0131c\u0131n\u0131z, taray\u0131c\u0131n\u0131z\u0131n \u00f6zellikleri, i\u015fletim sisteminiz ve siteye giri\u015f-\u00e7\u0131k\u0131\u015f sayfalar\u0131n\u0131z gibi standard bilgileri i\u00e7ermektedir. Log dosyalar\u0131 kesinlikle istatistiksel ama\u00e7lar d\u0131\u015f\u0131nda kullan\u0131lmamakta ve mahremiyetinizi ihlal etmemektedir. Ip adresiniz ve di\u011fer bilgiler, yasal tehlike barindirmadigi surece, \u015fahsi bilgileriniz ile ili\u015fkilendirilmemektedir.<\/li>\n<li>Kayit, Profil ve Gonullu Sunulan Bilgiler<br \/>\nBitcoinVeAltcoin.com sizlerin gonullu olarak sundugunuz kisisel bilgileri server&#8217;inda barindirir. Bu bilgiler siz siteye kendi rizanizla ilettiginiz zamandan itibaren, yonetimle iletisime gecerek silinmesini talep ettiginiz ve tarafimizdan size silindiginin onayi gelene kadar sistemimizde bulundurulacaktir. Size ve (bazi bilgilerinizin) site ziyaretcilerine sunulmasi, yasal tehlike barindirmasi durumunda kullanilmasi amaciyla, mevcut olacaktir.&nbsp;Bir yorum b\u0131rak\u0131rsan\u0131z, yorum ve meta verileri s\u00fcresiz olarak saklan\u0131r. B\u00f6ylece, takip eden yorumlar\u0131n\u0131z\u0131 denetim kuyru\u011funda tutmak yerine otomatik olarak tan\u0131yabilir ve onaylayabiliriz.<\/li>\n<li>Reklamlar<br \/>\nSitemizde d\u0131\u015far\u0131dan \u015firketlerin reklamlar\u0131n\u0131 yay\u0131nlamaktay\u0131z (Google, v.s.). Bu reklamlar \u00e7erez (cook\u0131es) i\u00e7erebilir ve bu sirketler taraf\u0131ndan \u00e7erez bilgileri toplanabilir ve bizim bu bilgiye ula\u015fmam\u0131z m\u00fcmk\u00fcn de\u011fildir. Biz Google Adsense, vb. \u015firketler ile \u00e7al\u0131\u015fmaktay\u0131z l\u00fctfen onlar\u0131n ilgili sayfalar\u0131ndan gizlilik s\u00f6zle\u015fmelerini okuyunuz.<\/li>\n<li>\u00c7erezler (Cookies)<br \/>\n\u201cCookie &#8211; \u00c7erez\u201d kelimesi web sayfas\u0131 sunucusunun sizin bilgisayar\u0131n\u0131z\u0131n hard diskine yerle\u015ftirdi\u011fi ufak bir text dosyas\u0131n\u0131 tan\u0131mlamak i\u00e7in kullan\u0131lmaktad\u0131r. Sitemizin baz\u0131 b\u00f6l\u00fcmlerinde kullan\u0131c\u0131 kolayl\u0131\u011f\u0131 sa\u011flamak i\u00e7in \u00e7erez kullan\u0131l\u0131yor olabilir. Ayr\u0131ca sitede mevcut bulunan reklamlar arac\u0131l\u0131\u011f\u0131yla, reklam verilerinin toplanmas\u0131 i\u00e7in cookie ve web beacon kullan\u0131l\u0131yor olabilir. Bu tamamen sizin izninizle ger\u00e7ekle\u015fiyor olup, iste\u011finiz dahilinde internet taray\u0131c\u0131n\u0131z\u0131n ayarlar\u0131n\u0131 de\u011fi\u015ftirerek bunu engellemeniz m\u00fcmk\u00fcnd\u00fcr.<\/li>\n<li>Hakk\u0131n\u0131zda tuttu\u011fumuz t\u00fcm ki\u015fisel verileri silmeyi isteyebilirsiniz. Bu, idari, yasal veya g\u00fcvenlik ama\u00e7lar\u0131na uymak zorunda oldu\u011fumuz hi\u00e7bir veriyi i\u00e7ermez.<\/li>\n<li>Di\u011fer sitelerden g\u00f6m\u00fclen i\u00e7erik<\/li>\n<li>Bu sitedeki makaleler g\u00f6m\u00fcl\u00fc i\u00e7erik (\u00f6r. videolar, resimler, makaleler, vb.) I\u00e7erebilir. Di\u011fer web sitelerinden g\u00f6m\u00fclen i\u00e7erik, ziyaret\u00e7inin di\u011fer web sitesini ziyaret etmi\u015f gibi, tam olarak ayn\u0131 \u015fekilde davran\u0131r.<\/li>\n<li>Bu web siteleri sizin hakk\u0131n\u0131zda veri toplayabilir, \u00e7erez kullanabilir, \u00fc\u00e7\u00fcnc\u00fc taraf taraf\u0131ndan g\u00f6m\u00fclm\u00fc\u015f \u015feklide takip yapabilir ve bir hesab\u0131n\u0131z varsa ve bu web sitesinde oturum a\u00e7t\u0131ysan\u0131z, g\u00f6m\u00fclen i\u00e7erikle etkile\u015fiminizi takip etme dahil olmak \u00fczere, bu g\u00f6m\u00fclen i\u00e7erikle etkile\u015fiminizi izleyebilir.<\/li>\n<li>Bir makaleyi d\u00fczenler veya yay\u0131nlarsan\u0131z taray\u0131c\u0131n\u0131za ek bir \u00e7erez kaydedilir. Bu \u00e7erez hi\u00e7bir ki\u015fisel veri i\u00e7ermez ve sadece d\u00fczenledi\u011finiz makalenin yaz\u0131 kimli\u011fini g\u00f6sterir. 1 g\u00fcn sonra zaman a\u015f\u0131m\u0131na u\u011frar.<\/li>\n<li>Giri\u015f yapt\u0131\u011f\u0131n\u0131zda, giri\u015f bilgilerinizi ve ekran g\u00f6r\u00fcnt\u00fcleme se\u00e7iminizi kaydetmek i\u00e7in birka\u00e7 \u00e7erez kaydedece\u011fiz. Giri\u015f \u00e7erezleri iki g\u00fcn ve ekran se\u00e7enekleri \u00e7erezleri bir y\u0131l boyunca kal\u0131r. &#8220;Beni hat\u0131rla&#8221; se\u00e7ene\u011fini se\u00e7ereniz, giri\u015finiz iki hafta boyunca devam eder. Hesab\u0131n\u0131zdan \u00e7\u0131k\u0131\u015f yaparsan\u0131z, giri\u015f \u00e7erezleri kald\u0131r\u0131lacakt\u0131r.<\/li>\n<li>\u00c7erezler; sitemize bir yorum b\u0131rak\u0131rsan\u0131z, isminizi, e-posta adresinizi ve web sitenizi \u00e7erezlerde kaydetmeyi se\u00e7ebilirsiniz. Bunlar size kolayl\u0131k sa\u011flamak i\u00e7indir, b\u00f6ylece ba\u015fka bir yorum b\u0131rakt\u0131\u011f\u0131n\u0131zda bilgilerinizi tekrar doldurman\u0131z gerekmez. Bu \u00e7erezler bir y\u0131l s\u00fcresince kal\u0131r.<\/li>\n<li>Bir hesab\u0131n\u0131z varsa ve bu siteye giri\u015f yaparsan\u0131z, taray\u0131c\u0131n\u0131z\u0131n \u00e7erezleri kabul edip etmedi\u011fini belirlemek i\u00e7in ge\u00e7ici bir \u00e7erez ayarlayaca\u011f\u0131z. Bu \u00e7erez hi\u00e7bir ki\u015fisel veri i\u00e7ermez ve taray\u0131c\u0131n\u0131z\u0131 kapatt\u0131\u011f\u0131n\u0131zda at\u0131l\u0131r.<\/li>\n<li>Ortam; g\u00f6rselleri web sitesine y\u00fcklerseniz, g\u00f6m\u00fclm\u00fc\u015f konum verileri (EXIF GPS) i\u00e7eren g\u00f6rseller y\u00fcklemekten ka\u00e7\u0131nmal\u0131s\u0131n\u0131z. Web sitesi ziyaret\u00e7ileri, web sitesindeki g\u00f6rsellerden herhangi bir konum bilgisini indirip \u00e7\u0131karabilir.<\/li>\n<li>E-posta adresinizden olu\u015fturulmu\u015f anonimle\u015ftirilmi\u015f bir metin (hash olarak da adland\u0131r\u0131l\u0131r) Gravatar hizmetine, servisi kullan\u0131p kullanmad\u0131\u011f\u0131n\u0131z\u0131 g\u00f6rmek i\u00e7in, sa\u011flanabilir. Gravatar servisinin gizlilik politikas\u0131 \u015fu adrestedir: https:\/\/automattic.com\/privacy\/. Yorumunuzun onaylanmas\u0131ndan sonra profil resminiz yorumunuzla birlikte herkese g\u00f6r\u00fcn\u00fcr.<\/li>\n<li>Yorumlar; ziyaret\u00e7iler sitede yorum b\u0131rakt\u0131\u011f\u0131nda yorum formunda g\u00f6sterilen verileri ve ayr\u0131ca istenmeyen yorum tespitine yard\u0131mc\u0131 olmak i\u00e7in ziyaret\u00e7inin IP adresi ve taray\u0131c\u0131 bilgisi metnini de toplar\u0131z.<\/li>\n<li>\u0130leti\u015fim; BitcoinVeAltcoin.com sitesinde uygulanan gizlilik politikas\u0131 ile ilgili; her t\u00fcrl\u00fc soru, g\u00f6r\u00fc\u015f ve d\u00fc\u015f\u00fcncelerinizi bize iletisim[at]BitcoinVeAltcoin.com adresinden iletebilirsiniz.<\/li>\n<\/ol>\n<p>BitcoinVeAltcoin.com Yonetimi<\/p>\n","protected":false},"excerpt":{"rendered":"<p>Sanayi bakanl\u0131\u011f\u0131 kamuyu ayd\u0131nlatma y\u00fck\u00fcml\u00fcl\u00fc\u011f\u00fc geregince&#8230; Gizlilik politikamiz BitcoinVeAltcoin.com sitesi olarak ki\u015fisel gizlilik haklar\u0131n\u0131za sayg\u0131 duyuyor ve sitemizde ge\u00e7irdi\u011finiz s\u00fcre zarf\u0131nda bunu sa\u011flamak i\u00e7in \u00e7aba sarfediyoruz. Ki\u015fisel bilgilerinizin g\u00fcvenli\u011fi ile ilgili a\u00e7\u0131klamalar a\u015fa\u011f\u0131da a\u00e7\u0131klanm\u0131\u015f ve bilginize sunulmu\u015ftur. Kay\u0131t Dosyalar\u0131 Bir\u00e7ok standard web sunucusunda oldu\u011fu gibi BitcoinVeAltcoin.com&#8217;da da log dosyalar\u0131 kayd\u0131 tutulmaktad\u0131r. Bu dosyalar; ip adresiniz, &hellip; <\/p>\n<p class=\"link-more\"><a href=\"https:\/\/bitcoinvealtcoin.com\/tr\/blog\/gizlilik-politikasi\/\" class=\"more-link\">Okumaya devam et<span class=\"screen-reader-text\"> &#8220;Gizlilik Sozlesmesi&#8221;<\/span><\/a><\/p>\n","protected":false},"author":1,"featured_media":0,"parent":0,"menu_order":0,"comment_status":"closed","ping_status":"open","template":"","meta":[],"_links":{"self":[{"href":"https:\/\/bitcoinvealtcoin.com\/tr\/blog\/wp-json\/wp\/v2\/pages\/3"}],"collection":[{"href":"https:\/\/bitcoinvealtcoin.com\/tr\/blog\/wp-json\/wp\/v2\/pages"}],"about":[{"href":"https:\/\/bitcoinvealtcoin.com\/tr\/blog\/wp-json\/wp\/v2\/types\/page"}],"author":[{"embeddable":true,"href":"https:\/\/bitcoinvealtcoin.com\/tr\/blog\/wp-json\/wp\/v2\/users\/1"}],"replies":[{"embeddable":true,"href":"https:\/\/bitcoinvealtcoin.com\/tr\/blog\/wp-json\/wp\/v2\/comments?post=3"}],"version-history":[{"count":5,"href":"https:\/\/bitcoinvealtcoin.com\/tr\/blog\/wp-json\/wp\/v2\/pages\/3\/revisions"}],"predecessor-version":[{"id":727,"href":"https:\/\/bitcoinvealtcoin.com\/tr\/blog\/wp-json\/wp\/v2\/pages\/3\/revisions\/727"}],"wp:attachment":[{"href":"https:\/\/bitcoinvealtcoin.com\/tr\/blog\/wp-json\/wp\/v2\/media?parent=3"}],"curies":[{"name":"wp","href":"https:\/\/api.w.org\/{rel}","templated":true}]}}